{"id":117,"date":"2026-03-12T15:09:05","date_gmt":"2026-03-12T15:09:05","guid":{"rendered":"https:\/\/conscious-balance.com\/?page_id=117"},"modified":"2026-03-13T13:18:38","modified_gmt":"2026-03-13T13:18:38","slug":"zastrzezenie-prawne","status":"publish","type":"page","link":"https:\/\/conscious-balance.com\/pl\/zastrzezenie-prawne\/","title":{"rendered":"Zastrze\u017cenie prawne"},"content":{"rendered":"\n<!-- Legal document generated by Complianz | GDPR\/CCPA Cookie Consent https:\/\/wordpress.org\/plugins\/complianz-gdpr -->\n<div id=\"cmplz-document\" class=\"cmplz-document disclaimer cmplz-document-all\"><p>Lehoczki Kitti dok\u0142ada wszelkich stara\u0144, aby ta witryna by\u0142a aktualna i dok\u0142adna. Je\u015bli mimo wszystko napotkasz co\u015b, co jest nieprawid\u0142owe lub nieaktualne, b\u0119dziemy wdzi\u0119czni za poinformowanie nas o tym. Wska\u017c, gdzie na stronie przeczyta\u0142e\u015b informacje. Przyjrzymy si\u0119 temu tak szybko, jak to mo\u017cliwe. Prosimy o przes\u0142anie odpowiedzi e-mailem na adres: <span class=\"cmplz-obfuscate\">inf&#111;@<span class=\"cmplz-fmail-domain\">e&#120;.&#099;o&#109;<\/span>&#099;&#111;&#110;s&#099;ious&#045;&#098;a&#108;an&#099;e&#046;&#099;o&#109;<\/span>.<\/p><p>Nie ponosimy odpowiedzialno\u015bci za straty wynikaj\u0105ce z nie\u015bcis\u0142o\u015bci lub niekompletno\u015bci, ani za straty wynikaj\u0105ce z problem\u00f3w spowodowanych lub nieod\u0142\u0105cznie zwi\u0105zanych z rozpowszechnianiem informacji przez internet, takich jak zak\u0142\u00f3cenia lub przerwy. Korzystaj\u0105c z formularzy internetowych, staramy si\u0119 ograniczy\u0107 liczb\u0119 wymaganych p\u00f3l do minimum. Za jakiekolwiek straty poniesione w wyniku wykorzystania danych, porad lub pomys\u0142\u00f3w dostarczonych przez lub w imieniu Lehoczki Kitti za po\u015brednictwem tej witryny, Lehoczki Kitti nie ponosi \u017cadnej odpowiedzialno\u015bci.<\/p><p>Wszelkie dane osobowe, kt\u00f3re nam przeka\u017cesz w kontek\u015bcie twojej odpowiedzi lub pro\u015bby o informacje, b\u0119d\u0105 wykorzystywane wy\u0142\u0105cznie zgodnie z naszym o\u015bwiadczeniem o ochronie prywatno\u015bci.<\/p><p>Lehoczki Kitti do\u0142o\u017cy wszelkich stara\u0144, aby chroni\u0107 swoje systemy przed jak\u0105kolwiek form\u0105 bezprawnego u\u017cycia. Lehoczki Kitti  wdro\u017cy w tym celu odpowiednie \u015brodki techniczne i organizacyjne, uwzgl\u0119dniaj\u0105c mi\u0119dzy innymi stan wiedzy. Jednak\u017ce nie ponosi odpowiedzialno\u015bci za jakiekolwiek straty, bezpo\u015brednie i\/lub po\u015brednie poniesione przez u\u017cytkownika strony internetowej, kt\u00f3re powsta\u0142y w wyniku bezprawnego korzystania z jej system\u00f3w przez osob\u0119 trzeci\u0105.<\/p><p>Lehoczki Kitti nie ponosi \u017cadnej odpowiedzialno\u015bci za zawarto\u015b\u0107 witryn internetowych, do kt\u00f3rych lub z kt\u00f3rych zamieszczono hiper\u0142\u0105cza lub inne odniesienia. Produkty lub us\u0142ugi oferowane przez strony trzecie podlegaj\u0105 obowi\u0105zuj\u0105cym warunkom tych stron trzecich.<\/p><p>Wszystkie prawa w\u0142asno\u015bci intelektualnej do zawarto\u015bci tej witryny nale\u017c\u0105 do Lehoczki Kitti.<\/p><p>Kopiowanie, rozpowszechnianie i jakiekolwiek inne wykorzystywanie tych materia\u0142\u00f3w jest zabronione bez pisemnej zgody Lehoczki Kitti, z wyj\u0105tkiem i tylko w zakresie, w jakim okre\u015blono inaczej w obowi\u0105zuj\u0105cych przepisach (takich jak prawo do cytowania), chyba \u017ce okre\u015blone tre\u015bci nakazuj\u0105 inaczej.<\/p><p>Je\u015bli masz jakie\u015b pytania lub problemy z dost\u0119pno\u015bci\u0105 strony, nie wahaj si\u0119 z nami skontaktowa\u0107.<\/p><\/div>\n","protected":false},"excerpt":{"rendered":"","protected":false},"author":1,"featured_media":0,"parent":0,"menu_order":0,"comment_status":"closed","ping_status":"closed","template":"","meta":{"footnotes":""},"class_list":["post-117","page","type-page","status-publish","hentry"],"yoast_head":"<!-- This site is optimized with the Yoast SEO Premium plugin v27.2 (Yoast SEO v27.2) - https:\/\/yoast.com\/product\/yoast-seo-premium-wordpress\/ -->\n<title>Zastrze\u017cenie prawne - Conscious Balance<\/title>\n<meta name=\"robots\" content=\"index, follow, max-snippet:-1, max-image-preview:large, max-video-preview:-1\" \/>\n<link rel=\"canonical\" href=\"https:\/\/conscious-balance.com\/pl\/zastrzezenie-prawne\/\" \/>\n<meta property=\"og:locale\" content=\"pl_PL\" \/>\n<meta property=\"og:type\" content=\"article\" \/>\n<meta property=\"og:title\" content=\"Zastrze\u017cenie prawne\" \/>\n<meta property=\"og:url\" content=\"https:\/\/conscious-balance.com\/pl\/zastrzezenie-prawne\/\" \/>\n<meta property=\"og:site_name\" content=\"Conscious Balance\" \/>\n<meta property=\"article:modified_time\" content=\"2026-03-13T13:18:38+00:00\" \/>\n<meta name=\"twitter:card\" content=\"summary_large_image\" \/>\n<script type=\"application\/ld+json\" class=\"yoast-schema-graph\">{\"@context\":\"https:\/\/schema.org\",\"@graph\":[{\"@type\":\"WebPage\",\"@id\":\"https:\/\/conscious-balance.com\/pl\/zastrzezenie-prawne\/\",\"url\":\"https:\/\/conscious-balance.com\/pl\/zastrzezenie-prawne\/\",\"name\":\"Zastrze\u017cenie prawne - Conscious Balance\",\"isPartOf\":{\"@id\":\"https:\/\/conscious-balance.com\/#website\"},\"datePublished\":\"2026-03-12T15:09:05+00:00\",\"dateModified\":\"2026-03-13T13:18:38+00:00\",\"breadcrumb\":{\"@id\":\"https:\/\/conscious-balance.com\/pl\/zastrzezenie-prawne\/#breadcrumb\"},\"inLanguage\":\"pl-PL\",\"potentialAction\":[{\"@type\":\"ReadAction\",\"target\":[\"https:\/\/conscious-balance.com\/pl\/zastrzezenie-prawne\/\"]}]},{\"@type\":\"BreadcrumbList\",\"@id\":\"https:\/\/conscious-balance.com\/pl\/zastrzezenie-prawne\/#breadcrumb\",\"itemListElement\":[{\"@type\":\"ListItem\",\"position\":1,\"name\":\"Home\",\"item\":\"https:\/\/conscious-balance.com\/\"},{\"@type\":\"ListItem\",\"position\":2,\"name\":\"Zastrze\u017cenie prawne\"}]},{\"@type\":\"WebSite\",\"@id\":\"https:\/\/conscious-balance.com\/#website\",\"url\":\"https:\/\/conscious-balance.com\/\",\"name\":\"Conscious Balance\",\"description\":\"Mindful balance in daily life.\",\"potentialAction\":[{\"@type\":\"SearchAction\",\"target\":{\"@type\":\"EntryPoint\",\"urlTemplate\":\"https:\/\/conscious-balance.com\/?s={search_term_string}\"},\"query-input\":{\"@type\":\"PropertyValueSpecification\",\"valueRequired\":true,\"valueName\":\"search_term_string\"}}],\"inLanguage\":\"pl-PL\"}]}<\/script>\n<!-- \/ Yoast SEO Premium plugin. -->","yoast_head_json":{"title":"Zastrze\u017cenie prawne - Conscious Balance","robots":{"index":"index","follow":"follow","max-snippet":"max-snippet:-1","max-image-preview":"max-image-preview:large","max-video-preview":"max-video-preview:-1"},"canonical":"https:\/\/conscious-balance.com\/pl\/zastrzezenie-prawne\/","og_locale":"pl_PL","og_type":"article","og_title":"Zastrze\u017cenie prawne","og_url":"https:\/\/conscious-balance.com\/pl\/zastrzezenie-prawne\/","og_site_name":"Conscious Balance","article_modified_time":"2026-03-13T13:18:38+00:00","twitter_card":"summary_large_image","schema":{"@context":"https:\/\/schema.org","@graph":[{"@type":"WebPage","@id":"https:\/\/conscious-balance.com\/pl\/zastrzezenie-prawne\/","url":"https:\/\/conscious-balance.com\/pl\/zastrzezenie-prawne\/","name":"Zastrze\u017cenie prawne - Conscious Balance","isPartOf":{"@id":"https:\/\/conscious-balance.com\/#website"},"datePublished":"2026-03-12T15:09:05+00:00","dateModified":"2026-03-13T13:18:38+00:00","breadcrumb":{"@id":"https:\/\/conscious-balance.com\/pl\/zastrzezenie-prawne\/#breadcrumb"},"inLanguage":"pl-PL","potentialAction":[{"@type":"ReadAction","target":["https:\/\/conscious-balance.com\/pl\/zastrzezenie-prawne\/"]}]},{"@type":"BreadcrumbList","@id":"https:\/\/conscious-balance.com\/pl\/zastrzezenie-prawne\/#breadcrumb","itemListElement":[{"@type":"ListItem","position":1,"name":"Home","item":"https:\/\/conscious-balance.com\/"},{"@type":"ListItem","position":2,"name":"Zastrze\u017cenie prawne"}]},{"@type":"WebSite","@id":"https:\/\/conscious-balance.com\/#website","url":"https:\/\/conscious-balance.com\/","name":"Conscious Balance","description":"Mindful balance in daily life.","potentialAction":[{"@type":"SearchAction","target":{"@type":"EntryPoint","urlTemplate":"https:\/\/conscious-balance.com\/?s={search_term_string}"},"query-input":{"@type":"PropertyValueSpecification","valueRequired":true,"valueName":"search_term_string"}}],"inLanguage":"pl-PL"}]}},"_links":{"self":[{"href":"https:\/\/conscious-balance.com\/pl\/wp-json\/wp\/v2\/pages\/117","targetHints":{"allow":["GET"]}}],"collection":[{"href":"https:\/\/conscious-balance.com\/pl\/wp-json\/wp\/v2\/pages"}],"about":[{"href":"https:\/\/conscious-balance.com\/pl\/wp-json\/wp\/v2\/types\/page"}],"author":[{"embeddable":true,"href":"https:\/\/conscious-balance.com\/pl\/wp-json\/wp\/v2\/users\/1"}],"replies":[{"embeddable":true,"href":"https:\/\/conscious-balance.com\/pl\/wp-json\/wp\/v2\/comments?post=117"}],"version-history":[{"count":2,"href":"https:\/\/conscious-balance.com\/pl\/wp-json\/wp\/v2\/pages\/117\/revisions"}],"predecessor-version":[{"id":128,"href":"https:\/\/conscious-balance.com\/pl\/wp-json\/wp\/v2\/pages\/117\/revisions\/128"}],"wp:attachment":[{"href":"https:\/\/conscious-balance.com\/pl\/wp-json\/wp\/v2\/media?parent=117"}],"curies":[{"name":"wp","href":"https:\/\/api.w.org\/{rel}","templated":true}]}}