{"id":111,"date":"2026-03-12T15:09:05","date_gmt":"2026-03-12T15:09:05","guid":{"rendered":"https:\/\/conscious-balance.com\/?page_id=111"},"modified":"2026-03-26T21:14:49","modified_gmt":"2026-03-26T21:14:49","slug":"oswiadczenie-o-prywatnosci","status":"publish","type":"page","link":"https:\/\/conscious-balance.com\/pl\/oswiadczenie-o-prywatnosci\/","title":{"rendered":"O\u015bwiadczenie o prywatno\u015bci"},"content":{"rendered":"\n<!-- Legal document generated by Complianz | GDPR\/CCPA Cookie Consent https:\/\/wordpress.org\/plugins\/complianz-gdpr -->\n<div id=\"cmplz-document\" class=\"cmplz-document privacy-statement cmplz-document-eu\"><p><i>Niniejsze o\u015bwiadczenie o ochronie prywatno\u015bci zosta\u0142o ostatnio zmienione marzec 13, 2026 i dotyczy obywateli oraz legalnych sta\u0142ych rezydent\u00f3w Europejskiego Obszaru Gospodarczego i Szwajcarii.<\/i><br \/><br \/><\/p><p><p>W tym o\u015bwiadczeniu o ochronie prywatno\u015bci wyja\u015bniamy, co robimy z danymi, kt\u00f3re uzyskujemy o tobie za po\u015brednictwem <a href=\"https:\/\/conscious-balance.com\/pl\/\">https:\/\/conscious-balance.com\/pl\/<\/a>. Zalecamy uwa\u017cne przeczytanie tego o\u015bwiadczenia. Przetwarzaj\u0105c dane, przestrzegamy przepis\u00f3w dotycz\u0105cych prywatno\u015bci. Oznacza to mi\u0119dzy innymi, \u017ce:<\/p><ul>\n                <li>jasno okre\u015blamy cele, dla kt\u00f3rych przetwarzamy dane osobowe. Robimy to za pomoc\u0105 niniejszego o\u015bwiadczenia o ochronie prywatno\u015bci;<\/li>\n                <li>d\u0105\u017cymy do ograniczenia gromadzenia przez nas danych osobowych tylko do tych danych, kt\u00f3re s\u0105 niezb\u0119dne do uzasadnionych cel\u00f3w;<\/li>\n                <li>w pierwszej kolejno\u015bci prosimy o wyra\u017an\u0105 zgod\u0119 na przetwarzanie twoich danych osobowych w przypadkach wymagaj\u0105cych twojej zgody;<\/li>\n                <li>podejmujemy odpowiednie \u015brodki bezpiecze\u0144stwa, aby chroni\u0107 twoje dane osobowe, a tak\u017ce wymagamy tego od stron, kt\u00f3re przetwarzaj\u0105 dane osobowe w naszym imieniu;<\/li>\n                <li>szanujemy twoje prawo dost\u0119pu do twoich danych osobowych, ich poprawiania lub usuwania na twoje \u017c\u0105danie.<\/li>\n            <\/ul><p>Je\u015bli masz jakie\u015b pytania lub chcesz dok\u0142adnie wiedzie\u0107, jakie dane na tw\u00f3j temat przechowujemy, skontaktuj si\u0119 z nami.<\/p><\/p><h2>1. Cel, dane i okres przechowywania<\/h2>Mo\u017cemy zbiera\u0107 lub otrzymywa\u0107 dane osobowe w wielu celach zwi\u0105zanych z nasz\u0105 dzia\u0142alno\u015bci\u0105 biznesow\u0105, kt\u00f3re mog\u0105 obejmowa\u0107: (kliknij, aby rozwin\u0105\u0107)<details class=\"cmplz-dropdown dropdown-privacy-statement\"><summary><div><h3>1.1 Kontakt - przez telefon, poczt\u0119, email i\/lub formularze<\/h3><\/div><\/summary><p class=\"cmplz-subtitle\">W tym celu wykorzystujemy nast\u0119puj\u0105ce dane:<\/p><p><ul><li>Imi\u0119 i nazwisko<\/li><li>Adres email<\/li><li>Numer telefonu<\/li><li>adres IP<\/li><\/ul><\/p><p class=\"cmplz-subtitle\">Podstaw\u0105, na kt\u00f3rej mo\u017cemy przetwarza\u0107 te dane, jest:<\/p><p><a target=\"_blank\" rel=\"noopener noreferrer nofollow\" href=\"https:\/\/cookiedatabase.org\/legal-bases\/#consent\">Za zgod\u0105.<\/a><\/p><p class=\"cmplz-subtitle\">Okres przechowywania<\/p><p>Przechowujemy te dane do zako\u0144czenia us\u0142ugi.<\/p><\/details><details class=\"cmplz-dropdown dropdown-privacy-statement\"><summary><div><h3>1.2 Aby m\u00f3c wype\u0142ni\u0107 zobowi\u0105zania prawne<\/h3><\/div><\/summary><p class=\"cmplz-subtitle\">W tym celu wykorzystujemy nast\u0119puj\u0105ce dane:<\/p><p><ul><li>Imi\u0119 i nazwisko<\/li><li>Adres email<\/li><li>Numer telefonu<\/li><li>adres IP<\/li><\/ul><\/p><p class=\"cmplz-subtitle\">Podstaw\u0105, na kt\u00f3rej mo\u017cemy przetwarza\u0107 te dane, jest:<\/p><p><a target=\"_blank\" rel=\"noopener noreferrer nofollow\" href=\"https:\/\/cookiedatabase.org\/legal-bases\/#obligation\">Za zgodno\u015b\u0107 z prawnym lub regulacyjnym obowi\u0105zkiem.<\/a><\/p><p class=\"cmplz-subtitle\">Okres przechowywania<\/p><p>Okres przechowywania okre\u015blamy wed\u0142ug ustalonych obiektywnych kryteri\u00f3w: Data is retained for the duration of the statutory limitation periods or as long as required by applicable laws (e.g. GDPR) to fulfill legal obligations.<\/p><\/details><details class=\"cmplz-dropdown dropdown-privacy-statement\"><summary><div><h3>1.3 Tworzenie i analizowanie statystyk w celu ulepszania witryny.<\/h3><\/div><\/summary><p class=\"cmplz-subtitle\">W tym celu wykorzystujemy nast\u0119puj\u0105ce dane:<\/p><p><ul><li>adres IP<\/li><li>Informacje o aktywno\u015bci w internecie zawieraj\u0105ce, ale nie ograniczone do, histori\u0119 przegl\u0105dania, histori\u0119 wyszukiwania oraz informacje dotycz\u0105ce interakcji konsumenta z witryn\u0105 internetow\u0105, aplikacj\u0105 lub reklam\u0105<\/li><\/ul><\/p><p class=\"cmplz-subtitle\">Podstaw\u0105, na kt\u00f3rej mo\u017cemy przetwarza\u0107 te dane, jest:<\/p><p><a target=\"_blank\" rel=\"noopener noreferrer nofollow\" href=\"https:\/\/cookiedatabase.org\/legal-bases\/#consent\">Za zgod\u0105.<\/a><\/p><p class=\"cmplz-subtitle\">Okres przechowywania<\/p><p>Po zako\u0144czeniu \u015bwiadczenia us\u0142ugi przechowujemy te dane przez nast\u0119puj\u0105cy okres: 24 months.<\/p><\/details><details class=\"cmplz-dropdown dropdown-privacy-statement\"><summary><div><h3>1.4 \u017beby m\u00f3c oferowa\u0107 spersonalizowane produkty oraz serwisy<\/h3><\/div><\/summary><p class=\"cmplz-subtitle\">W tym celu wykorzystujemy nast\u0119puj\u0105ce dane:<\/p><p><ul><li>adres IP<\/li><li>Informacje o aktywno\u015bci w internecie zawieraj\u0105ce, ale nie ograniczone do, histori\u0119 przegl\u0105dania, histori\u0119 wyszukiwania oraz informacje dotycz\u0105ce interakcji konsumenta z witryn\u0105 internetow\u0105, aplikacj\u0105 lub reklam\u0105<\/li><\/ul><\/p><p class=\"cmplz-subtitle\">Podstaw\u0105, na kt\u00f3rej mo\u017cemy przetwarza\u0107 te dane, jest:<\/p><p><a target=\"_blank\" rel=\"noopener noreferrer nofollow\" href=\"https:\/\/cookiedatabase.org\/legal-bases\/#consent\">Za zgod\u0105.<\/a><\/p><p class=\"cmplz-subtitle\">Okres przechowywania<\/p><p>Po zako\u0144czeniu \u015bwiadczenia us\u0142ugi przechowujemy te dane przez nast\u0119puj\u0105cy okres: 12 months.<\/p><\/details><details class=\"cmplz-dropdown dropdown-privacy-statement\"><summary><div><h3>1.5 Sprzedawa\u0107 lub udost\u0119pnia\u0107 dane podmiotom zewn\u0119trznym.<\/h3><\/div><\/summary><p class=\"cmplz-subtitle\">W tym celu wykorzystujemy nast\u0119puj\u0105ce dane:<\/p><p><ul><li>Imi\u0119 i nazwisko<\/li><li>Adres email<\/li><li>adres IP<\/li><li>Informacje o aktywno\u015bci w internecie zawieraj\u0105ce, ale nie ograniczone do, histori\u0119 przegl\u0105dania, histori\u0119 wyszukiwania oraz informacje dotycz\u0105ce interakcji konsumenta z witryn\u0105 internetow\u0105, aplikacj\u0105 lub reklam\u0105<\/li><\/ul><\/p><p class=\"cmplz-subtitle\">Podstaw\u0105, na kt\u00f3rej mo\u017cemy przetwarza\u0107 te dane, jest:<\/p><p><a target=\"_blank\" rel=\"noopener noreferrer nofollow\" href=\"https:\/\/cookiedatabase.org\/legal-bases\/#consent\">Za zgod\u0105.<\/a><\/p><p class=\"cmplz-subtitle\">Okres przechowywania<\/p><p>Po zako\u0144czeniu \u015bwiadczenia us\u0142ugi przechowujemy te dane przez nast\u0119puj\u0105cy okres: 12 months.<\/p><\/details><h2>2. Udost\u0119pnianie innym stronom<\/h2><p>Udost\u0119pniamy te dane wy\u0142\u0105cznie podmiotom przetwarzaj\u0105cym oraz innym podmiotom trzecim, w przypadku kt\u00f3rych wymagana jest zgoda.<\/p><p class=\"cmplz-subtitle\">Podmioty przetwarzaj\u0105ce<\/p><p><b>Nazwa<\/b>&nbsp;Google LLC<br \/>\n            <b>Kraj:<\/b>&nbsp;United States<br \/>\n            <b>Cele:<\/b>&nbsp;Statistics and Advertising<br \/>\n            <b>Nazwa<\/b>&nbsp;Cloudflare, Inc.<br \/>\n            <b>Kraj:<\/b>&nbsp;United States<br \/>\n            <b>Cele:<\/b>&nbsp;Website Security and Performance<br \/>\n            <b>Nazwa<\/b>&nbsp;FunnelFlux<br \/>\n            <b>Kraj:<\/b>&nbsp;United States<br \/>\n            <b>Cele:<\/b>&nbsp;Affiliate Tracking and Conversion Analytics<br \/>\n            <b>Nazwa<\/b>&nbsp;Meta Platforms, Inc.<br \/>\n            <b>Kraj:<\/b>&nbsp;United States<br \/>\n            <b>Cele:<\/b>&nbsp;Advertising and Retargeting<br \/>\n            <\/p><h2>3. Pliki cookies<\/h2><p>Nasza witryna wykorzystuje pliki cookies. Aby uzyska\u0107 wi\u0119cej informacji na temat plik\u00f3w cookies, zapoznaj si\u0119 z nasz\u0105 <a href=\"https:\/\/conscious-balance.com\/pl\/polityka-plikow-cookie\/\">Cookie Policy<\/a>.&nbsp;<\/p><h2>4. Praktyki ujawniania informacji<\/h2><p><p>Udost\u0119pniamy dane osobowe, je\u017celi jeste\u015bmy zobowi\u0105zani przepisami prawa lub na mocy postanowienia s\u0105du, w odpowiedzi na wezwanie organu \u015bcigania, w zakresie dozwolonym na podstawie innych przepis\u00f3w prawa, w celu udzielenia informacji lub w celu przeprowadzenia post\u0119powania wyja\u015bniaj\u0105cego w sprawie zwi\u0105zanej z bezpiecze\u0144stwem publicznym.<\/p><p>Je\u017celi nasza strona internetowa lub organizacja zostanie przej\u0119ta, sprzedana lub zaanga\u017cowana w fuzj\u0119 lub przej\u0119cie, Twoje dane mog\u0105 zosta\u0107 ujawnione naszym doradcom i potencjalnym nabywcom oraz zostan\u0105 przekazane nowym w\u0142a\u015bcicielom.<\/p><\/p><p>Zawarli\u015bmy z Google umow\u0119 o przetwarzaniu danych.<\/p><p>Google nie mo\u017ce wykorzystywa\u0107 danych do \u017cadnych innych us\u0142ug Google.<\/p><p>W\u0142\u0105czanie pe\u0142nych adres\u00f3w IP jest przez nas blokowane.<\/p><h2>5. Bezpiecze\u0144stwo<\/h2><p>Dbamy o bezpiecze\u0144stwo danych osobowych. Podejmujemy odpowiednie \u015brodki bezpiecze\u0144stwa, aby ograniczy\u0107 nadu\u017cycia i nieuprawniony dost\u0119p do danych osobowych. Gwarantuje to, \u017ce tylko niezb\u0119dne osoby maj\u0105 dost\u0119p do twoich danych, dost\u0119p do danych jest chroniony, a nasze \u015brodki bezpiecze\u0144stwa s\u0105 regularnie sprawdzane.<\/p><p>Stosowane przez nas \u015brodki bezpiecze\u0144stwa obejmuj\u0105:<\/p><p><ul><li>Bezpiecze\u0144stwo logowania<\/li><li>Wzmocnienie strony internetowej\/funkcje bezpiecze\u0144stwa<\/li><li>Wykrywanie luk w zabezpieczeniach<\/li><li>(START)TLS \/ SSL \/ DANE Encryption<\/li><\/ul><\/p><h2>6. Witryny podmiot\u00f3w zewn\u0119trznych<\/h2><p>Niniejsze o\u015bwiadczenie o ochronie prywatno\u015bci nie ma zastosowania do stron internetowych os\u00f3b trzecich po\u0142\u0105czonych linkami na naszej stronie internetowej. Nie mo\u017cemy zagwarantowa\u0107, \u017ce te strony trzecie przetwarzaj\u0105 twoje dane osobowe w spos\u00f3b niezawodny lub bezpieczny. Zalecamy zapoznanie si\u0119 z o\u015bwiadczeniami o ochronie prywatno\u015bci tych witryn przed rozpocz\u0119ciem korzystania z nich.<\/p><h2>7. Zmiany niniejszego o\u015bwiadczenia o ochronie prywatno\u015bci<\/h2><p>Zastrzegamy sobie prawo do wprowadzania zmian w niniejszym o\u015bwiadczeniu o ochronie prywatno\u015bci. Zaleca si\u0119 regularne sprawdzanie niniejszego o\u015bwiadczenia o ochronie prywatno\u015bci, aby by\u0107 \u015bwiadomym wszelkich zmian. Ponadto b\u0119dziemy Ci\u0119 aktywnie informowa\u0107, gdy tylko b\u0119dzie to mo\u017cliwe.<\/p><h2>8. Dost\u0119p i modyfikowanie danych<\/h2><p>Je\u015bli masz jakiekolwiek pytania lub chcesz wiedzie\u0107, jakie dane osobowe posiadamy na tw\u00f3j temat, skontaktuj si\u0119 z nami. Mo\u017cesz skontaktowa\u0107 si\u0119 z nami, korzystaj\u0105c z poni\u017cszych informacji. Przys\u0142uguj\u0105 Ci nast\u0119puj\u0105ce prawa:<\/p><ul>\n                <li>Masz prawo wiedzie\u0107, dlaczego potrzebne s\u0105 twoje dane osobowe, co si\u0119 z nimi stanie i jak d\u0142ugo b\u0119d\u0105 przechowywane.<\/li>\n                <li>Prawo dost\u0119pu: Masz prawo dost\u0119pu do swoich danych osobowych, kt\u00f3re s\u0105 nam znane.<\/li>\n                <li>Prawo do sprostowania: masz prawo do uzupe\u0142niania, poprawiania, usuwania lub blokowania swoich danych osobowych w dowolnym momencie.<\/li>\n                <li>Je\u015bli wyrazisz zgod\u0119 na przetwarzanie twoich danych, przys\u0142uguje ci prawo do cofni\u0119cia tej zgody i usuni\u0119cia twoich danych osobowych.<\/li>\n                <li>Prawo do przenoszenia danych: masz prawo za\u017c\u0105da\u0107 wszystkich swoich danych osobowych od administratora i przenie\u015b\u0107 je w ca\u0142o\u015bci do innego administratora.<\/li>\n                <li>Prawo do sprzeciwu: mo\u017cesz sprzeciwi\u0107 si\u0119 przetwarzaniu twoich danych. Przestrzegamy tego, chyba \u017ce istniej\u0105 uzasadnione podstawy do przetwarzania.<\/li>\n            <\/ul><p>Upewnij si\u0119, \u017ce zawsze jasno okre\u015blasz, kim jeste\u015b, aby\u015bmy mieli pewno\u015b\u0107, \u017ce nie modyfikujemy ani nie usuwamy \u017cadnych danych niew\u0142a\u015bciwej osoby.<\/p><h2>9. Z\u0142o\u017cy\u0107 skarg\u0119<\/h2><p>Je\u017celi nie jeste\u015b zadowolony ze sposobu, w jaki obs\u0142ugujemy przetwarzanie twoich danych osobowych (skarga dotycz\u0105ca), przys\u0142uguje ci prawo wniesienia skargi do Urz\u0119du Ochrony Danych.<\/p><h2>10. Dane kontaktowe<\/h2><p>Lehoczki Kitti<br \/>\n        6724 Szeged Csongr\u00e1di Sgt. 92.B 2.9<br \/>\n        W\u0119gry<br \/>\n        Witryna:  <a href=\"https:\/\/conscious-balance.com\/pl\/\">https:\/\/conscious-balance.com\/pl\/<\/a> <br \/>\n        Email: <span class=\"cmplz-obfuscate\">i&#110;fo@<span class=\"cmplz-fmail-domain\">ex.co&#109;<\/span>c&#111;nsc&#105;o&#117;&#115;-b&#097;&#108;anc&#101;&#046;&#099;o&#109;<\/span> <br \/>\n        Numer telefonu: +36302126251<\/p><h2>Aneks<\/h2><p><h2>Solid Security<\/h2><h2>Jakie dane osobowe gromadzimy i dlaczego je zbieramy<\/h2><h3>Ciasteczka<\/h3><p><strong>Sugerowany tekst: <\/strong>Magiczne linki tworz\u0105 tymczasowe ciasteczko o nazwie \u201eitsec-ml-lockout-bypass\u201d, kt\u00f3re umo\u017cliwia u\u017cytkownikom logowanie si\u0119 za pomoc\u0105 linku wys\u0142anego na ich e-mail. To ciasteczko zawiera dane sesji, w tym identyfikator u\u017cytkownika i adres IP. Wygasa automatycznie po 30 minutach.<\/p><p><strong>Sugerowany tekst: <\/strong>Ciasteczko o nazwie \u201eitsec_interstitial_browser\u201d jest tworzone w celu \u015bledzenia procesu logowania u\u017cytkownika w celu wdro\u017cenia ulepszonych funkcji bezpiecze\u0144stwa.<\/p><h3>Dzienniki bezpiecze\u0144stwa<\/h3><p><strong>Sugerowany tekst: <\/strong>Adresy IP odwiedzaj\u0105cych, identyfikatory zalogowanych u\u017cytkownik\u00f3w oraz nazwy u\u017cytkownik\u00f3w przy pr\u00f3bach logowania s\u0105 rejestrowane warunkowo w celu sprawdzenia z\u0142o\u015bliwych dzia\u0142a\u0144 i ochrony witryny przed okre\u015blonymi rodzajami atak\u00f3w. Przyk\u0142ady sytuacji, w kt\u00f3rych nast\u0119puje rejestrowanie, obejmuj\u0105 pr\u00f3by logowania, \u017c\u0105dania wylogowania, \u017c\u0105dania podejrzanych adres\u00f3w URL, zmiany zawarto\u015bci witryny i aktualizacje hase\u0142. Informacje te s\u0105 przechowywane przez 60 dni.<\/p><h2>Komu udost\u0119pniamy Twoje dane<\/h2><p><strong>Sugerowany tekst: <\/strong>Obraz kodu QR jest generowany dla u\u017cytkownik\u00f3w...<\/p><\/p><\/div>\n","protected":false},"excerpt":{"rendered":"","protected":false},"author":1,"featured_media":0,"parent":0,"menu_order":0,"comment_status":"closed","ping_status":"closed","template":"","meta":{"footnotes":""},"class_list":["post-111","page","type-page","status-publish","hentry"],"yoast_head":"<!-- This site is optimized with the Yoast SEO Premium plugin v27.2 (Yoast SEO v27.2) - https:\/\/yoast.com\/product\/yoast-seo-premium-wordpress\/ -->\n<title>O\u015bwiadczenie o prywatno\u015bci - Conscious Balance<\/title>\n<meta name=\"robots\" content=\"index, follow, max-snippet:-1, max-image-preview:large, max-video-preview:-1\" \/>\n<link rel=\"canonical\" href=\"https:\/\/conscious-balance.com\/pl\/oswiadczenie-o-prywatnosci\/\" \/>\n<meta property=\"og:locale\" content=\"pl_PL\" \/>\n<meta property=\"og:type\" content=\"article\" \/>\n<meta property=\"og:title\" content=\"O\u015bwiadczenie o prywatno\u015bci\" \/>\n<meta property=\"og:url\" content=\"https:\/\/conscious-balance.com\/pl\/oswiadczenie-o-prywatnosci\/\" \/>\n<meta property=\"og:site_name\" content=\"Conscious Balance\" \/>\n<meta property=\"article:modified_time\" content=\"2026-03-26T21:14:49+00:00\" \/>\n<meta name=\"twitter:card\" content=\"summary_large_image\" \/>\n<meta name=\"twitter:label1\" content=\"Szacowany czas czytania\" \/>\n\t<meta name=\"twitter:data1\" content=\"1 minuta\" \/>\n<script type=\"application\/ld+json\" class=\"yoast-schema-graph\">{\"@context\":\"https:\/\/schema.org\",\"@graph\":[{\"@type\":\"WebPage\",\"@id\":\"https:\/\/conscious-balance.com\/pl\/oswiadczenie-o-prywatnosci\/\",\"url\":\"https:\/\/conscious-balance.com\/pl\/oswiadczenie-o-prywatnosci\/\",\"name\":\"O\u015bwiadczenie o prywatno\u015bci - Conscious Balance\",\"isPartOf\":{\"@id\":\"https:\/\/conscious-balance.com\/#website\"},\"datePublished\":\"2026-03-12T15:09:05+00:00\",\"dateModified\":\"2026-03-26T21:14:49+00:00\",\"breadcrumb\":{\"@id\":\"https:\/\/conscious-balance.com\/pl\/oswiadczenie-o-prywatnosci\/#breadcrumb\"},\"inLanguage\":\"pl-PL\",\"potentialAction\":[{\"@type\":\"ReadAction\",\"target\":[\"https:\/\/conscious-balance.com\/pl\/oswiadczenie-o-prywatnosci\/\"]}]},{\"@type\":\"BreadcrumbList\",\"@id\":\"https:\/\/conscious-balance.com\/pl\/oswiadczenie-o-prywatnosci\/#breadcrumb\",\"itemListElement\":[{\"@type\":\"ListItem\",\"position\":1,\"name\":\"Home\",\"item\":\"https:\/\/conscious-balance.com\/\"},{\"@type\":\"ListItem\",\"position\":2,\"name\":\"O\u015bwiadczenie o prywatno\u015bci\"}]},{\"@type\":\"WebSite\",\"@id\":\"https:\/\/conscious-balance.com\/#website\",\"url\":\"https:\/\/conscious-balance.com\/\",\"name\":\"Conscious Balance\",\"description\":\"Mindful balance in daily life.\",\"potentialAction\":[{\"@type\":\"SearchAction\",\"target\":{\"@type\":\"EntryPoint\",\"urlTemplate\":\"https:\/\/conscious-balance.com\/?s={search_term_string}\"},\"query-input\":{\"@type\":\"PropertyValueSpecification\",\"valueRequired\":true,\"valueName\":\"search_term_string\"}}],\"inLanguage\":\"pl-PL\"}]}<\/script>\n<!-- \/ Yoast SEO Premium plugin. -->","yoast_head_json":{"title":"O\u015bwiadczenie o prywatno\u015bci - Conscious Balance","robots":{"index":"index","follow":"follow","max-snippet":"max-snippet:-1","max-image-preview":"max-image-preview:large","max-video-preview":"max-video-preview:-1"},"canonical":"https:\/\/conscious-balance.com\/pl\/oswiadczenie-o-prywatnosci\/","og_locale":"pl_PL","og_type":"article","og_title":"O\u015bwiadczenie o prywatno\u015bci","og_url":"https:\/\/conscious-balance.com\/pl\/oswiadczenie-o-prywatnosci\/","og_site_name":"Conscious Balance","article_modified_time":"2026-03-26T21:14:49+00:00","twitter_card":"summary_large_image","twitter_misc":{"Szacowany czas czytania":"1 minuta"},"schema":{"@context":"https:\/\/schema.org","@graph":[{"@type":"WebPage","@id":"https:\/\/conscious-balance.com\/pl\/oswiadczenie-o-prywatnosci\/","url":"https:\/\/conscious-balance.com\/pl\/oswiadczenie-o-prywatnosci\/","name":"O\u015bwiadczenie o prywatno\u015bci - Conscious Balance","isPartOf":{"@id":"https:\/\/conscious-balance.com\/#website"},"datePublished":"2026-03-12T15:09:05+00:00","dateModified":"2026-03-26T21:14:49+00:00","breadcrumb":{"@id":"https:\/\/conscious-balance.com\/pl\/oswiadczenie-o-prywatnosci\/#breadcrumb"},"inLanguage":"pl-PL","potentialAction":[{"@type":"ReadAction","target":["https:\/\/conscious-balance.com\/pl\/oswiadczenie-o-prywatnosci\/"]}]},{"@type":"BreadcrumbList","@id":"https:\/\/conscious-balance.com\/pl\/oswiadczenie-o-prywatnosci\/#breadcrumb","itemListElement":[{"@type":"ListItem","position":1,"name":"Home","item":"https:\/\/conscious-balance.com\/"},{"@type":"ListItem","position":2,"name":"O\u015bwiadczenie o prywatno\u015bci"}]},{"@type":"WebSite","@id":"https:\/\/conscious-balance.com\/#website","url":"https:\/\/conscious-balance.com\/","name":"Conscious Balance","description":"Mindful balance in daily life.","potentialAction":[{"@type":"SearchAction","target":{"@type":"EntryPoint","urlTemplate":"https:\/\/conscious-balance.com\/?s={search_term_string}"},"query-input":{"@type":"PropertyValueSpecification","valueRequired":true,"valueName":"search_term_string"}}],"inLanguage":"pl-PL"}]}},"_links":{"self":[{"href":"https:\/\/conscious-balance.com\/pl\/wp-json\/wp\/v2\/pages\/111","targetHints":{"allow":["GET"]}}],"collection":[{"href":"https:\/\/conscious-balance.com\/pl\/wp-json\/wp\/v2\/pages"}],"about":[{"href":"https:\/\/conscious-balance.com\/pl\/wp-json\/wp\/v2\/types\/page"}],"author":[{"embeddable":true,"href":"https:\/\/conscious-balance.com\/pl\/wp-json\/wp\/v2\/users\/1"}],"replies":[{"embeddable":true,"href":"https:\/\/conscious-balance.com\/pl\/wp-json\/wp\/v2\/comments?post=111"}],"version-history":[{"count":7,"href":"https:\/\/conscious-balance.com\/pl\/wp-json\/wp\/v2\/pages\/111\/revisions"}],"predecessor-version":[{"id":801,"href":"https:\/\/conscious-balance.com\/pl\/wp-json\/wp\/v2\/pages\/111\/revisions\/801"}],"wp:attachment":[{"href":"https:\/\/conscious-balance.com\/pl\/wp-json\/wp\/v2\/media?parent=111"}],"curies":[{"name":"wp","href":"https:\/\/api.w.org\/{rel}","templated":true}]}}